{"id":98,"date":"2024-12-04T11:20:36","date_gmt":"2024-12-04T10:20:36","guid":{"rendered":"http:\/\/opad.zwik.szczecin.pl\/?page_id=98"},"modified":"2026-04-16T09:28:57","modified_gmt":"2026-04-16T07:28:57","slug":"system-monitorowania-opadow-atmosferycznych-w-szczecinie","status":"publish","type":"page","link":"https:\/\/opad.zwik.szczecin.pl\/","title":{"rendered":"SYSTEM MONITOROWANIA OPAD\u00d3W ATMOSFERYCZNYCH\u00a0W SZCZECINIE"},"content":{"rendered":"\n<h2 class=\"wp-block-heading has-text-align-center\"><strong>SYSTEM MONITOROWANIA OPAD\u00d3W ATMOSFERYCZNYCH&nbsp;W SZCZECINIE<\/strong><\/h2>\n\n\n\n<p><\/p>\n\n\n\n<div class=\"wp-block-media-text is-stacked-on-mobile\" style=\"grid-template-columns:39% auto\"><figure class=\"wp-block-media-text__media\"><img loading=\"lazy\" decoding=\"async\" width=\"1024\" height=\"1024\" src=\"https:\/\/opad.zwik.szczecin.pl\/wp-content\/uploads\/2024\/12\/DALL\u00b7E-2024-12-20-09.01.01-A-simple-modern-graphic-illustration-for-a-website-about-rainfall-monitoring-in-Szczecin.-The-design-features-three-iconic-cranes-from-Szczecin-depi.jpg\" alt=\"\" class=\"wp-image-178 size-full\" srcset=\"https:\/\/opad.zwik.szczecin.pl\/wp-content\/uploads\/2024\/12\/DALL\u00b7E-2024-12-20-09.01.01-A-simple-modern-graphic-illustration-for-a-website-about-rainfall-monitoring-in-Szczecin.-The-design-features-three-iconic-cranes-from-Szczecin-depi.jpg 1024w, https:\/\/opad.zwik.szczecin.pl\/wp-content\/uploads\/2024\/12\/DALL\u00b7E-2024-12-20-09.01.01-A-simple-modern-graphic-illustration-for-a-website-about-rainfall-monitoring-in-Szczecin.-The-design-features-three-iconic-cranes-from-Szczecin-depi-300x300.jpg 300w, https:\/\/opad.zwik.szczecin.pl\/wp-content\/uploads\/2024\/12\/DALL\u00b7E-2024-12-20-09.01.01-A-simple-modern-graphic-illustration-for-a-website-about-rainfall-monitoring-in-Szczecin.-The-design-features-three-iconic-cranes-from-Szczecin-depi-150x150.jpg 150w, https:\/\/opad.zwik.szczecin.pl\/wp-content\/uploads\/2024\/12\/DALL\u00b7E-2024-12-20-09.01.01-A-simple-modern-graphic-illustration-for-a-website-about-rainfall-monitoring-in-Szczecin.-The-design-features-three-iconic-cranes-from-Szczecin-depi-768x768.jpg 768w\" sizes=\"auto, (max-width: 1024px) 100vw, 1024px\" \/><\/figure><div class=\"wp-block-media-text__content\">\n<p>Szczecin wdra\u017ca kompleksow\u0105 strategi\u0119 zarz\u0105dzania wodami opadowymi, kt\u00f3ra ma na celu dostosowanie infrastruktury miejskiej do wyzwa\u0144 zwi\u0105zanych ze zmianami klimatycznymi. Jednym z kluczowych element\u00f3w tej strategii jest zainstalowanie deszczomierzy w r\u00f3\u017cnych cz\u0119\u015bciach miasta. Dzi\u0119ki temu mo\u017cliwe jest precyzyjne monitorowanie lokalnych opad\u00f3w i stworzenie szczeg\u00f3\u0142owego modelu opadowego, kt\u00f3ry odzwierciedla zr\u00f3\u017cnicowane warunki pogodowe w poszczeg\u00f3lnych obszarach miasta.<\/p>\n\n\n\n<p>Lokalny model opad\u00f3w pozwala na lepsze planowanie i projektowanie systemu kanalizacji deszczowej oraz odwodnienia, zapewniaj\u0105c optymaln\u0105 ochron\u0119 przed podtopieniami i minimalizuj\u0105c skutki ekstremalnych zjawisk pogodowych.<\/p>\n\n\n\n<p>Przekazujemy mieszka\u0144com aktualne informacje z deszczomierzy zainstalowanych w r\u00f3\u017cnych cz\u0119\u015bciach miasta. Dane te pozwalaj\u0105 na bie\u017c\u0105co monitorowa\u0107 wielko\u015b\u0107 opad\u00f3w w Szczecinie, wspieraj\u0105c \u015bwiadome zarz\u0105dzanie wodami opadowymi oraz lepsze przygotowanie na zmienne warunki pogodowe.<\/p>\n<\/div><\/div>\n\n\n\n<h4 class=\"wp-block-heading has-text-align-center has-ast-global-color-0-background-color has-background\" style=\"border-style:none;border-width:0px;border-radius:25px\"><mark style=\"background-color:rgba(0, 0, 0, 0)\" class=\"has-inline-color has-ast-global-color-5-color\">Lokalizacje deszczomierzy<\/mark><\/h4>\n\n\n\n<div class=\"wp-block-buttons is-content-justification-center is-layout-flex wp-container-core-buttons-is-layout-86e1f5e2 wp-block-buttons-is-layout-flex\">\n<div class=\"wp-block-button\"><a class=\"wp-block-button__link wp-element-button\" href=\"https:\/\/opad.zwik.szczecin.pl\/?p=108\">D1 &#8211; Oczyszczalnia Zdroje<\/a><\/div>\n\n\n\n<div class=\"wp-block-button\"><a class=\"wp-block-button__link wp-element-button\" href=\"https:\/\/opad.zwik.szczecin.pl\/?p=116\">D2 &#8211; Oczyszczalnia \u015aciek\u00f3w Pomorzany<\/a><\/div>\n\n\n\n<div class=\"wp-block-button\"><a class=\"wp-block-button__link wp-element-button\" href=\"https:\/\/opad.zwik.szczecin.pl\/?p=119\">D3 &#8211; Warcis\u0142awa<\/a><\/div>\n\n\n\n<div class=\"wp-block-button\"><a class=\"wp-block-button__link wp-element-button\" href=\"https:\/\/opad.zwik.szczecin.pl\/?p=188\">D4 &#8211; Drozdowa<\/a><\/div>\n\n\n\n<div class=\"wp-block-button\"><a class=\"wp-block-button__link wp-element-button\" href=\"https:\/\/opad.zwik.szczecin.pl\/?p=190\">D5 &#8211; ZUT<\/a><\/div>\n\n\n\n<div class=\"wp-block-button\"><a class=\"wp-block-button__link wp-element-button\" href=\"https:\/\/opad.zwik.szczecin.pl\/?p=192\">D6 &#8211; \u0141\u0105czna<\/a><\/div>\n\n\n\n<div class=\"wp-block-button\"><a class=\"wp-block-button__link wp-element-button\" href=\"https:\/\/opad.zwik.szczecin.pl\/?p=194\">D7- Przygodna<\/a><\/div>\n<\/div>\n\n\n\n<iframe loading=\"lazy\" width=\"1200\" height=\"1200\" allow=\"local-network-access; geolocation\" title=\"Sensor\" src=\"https:\/\/zwik.maps.arcgis.com\/apps\/mapviewer\/index.html?configurableview=true&#038;webmap=c6665f2eb5c84a38be22a831c2fbf418&#038;theme=light&#038;legend=true&#038;scroll=false&#038;center=14.590230871736292,53.42281794608462&#038;scale=144447.638572\" ><\/iframe>\n\n\n\n<p><\/p>\n","protected":false},"excerpt":{"rendered":"<p>SYSTEM MONITOROWANIA OPAD\u00d3W ATMOSFERYCZNYCH&nbsp;W SZCZECINIE Szczecin wdra\u017ca kompleksow\u0105 strategi\u0119 zarz\u0105dzania wodami opadowymi, kt\u00f3ra ma na celu dostosowanie infrastruktury miejskiej do [&hellip;]<\/p>\n","protected":false},"author":1,"featured_media":0,"parent":0,"menu_order":0,"comment_status":"closed","ping_status":"closed","template":"","meta":{"site-sidebar-layout":"default","site-content-layout":"","ast-site-content-layout":"","site-content-style":"default","site-sidebar-style":"default","ast-global-header-display":"","ast-banner-title-visibility":"","ast-main-header-display":"","ast-hfb-above-header-display":"","ast-hfb-below-header-display":"","ast-hfb-mobile-header-display":"","site-post-title":"","ast-breadcrumbs-content":"","ast-featured-img":"","footer-sml-layout":"","theme-transparent-header-meta":"","adv-header-id-meta":"","stick-header-meta":"","header-above-stick-meta":"","header-main-stick-meta":"","header-below-stick-meta":"","astra-migrate-meta-layouts":"default","ast-page-background-enabled":"default","ast-page-background-meta":{"desktop":{"background-color":"var(--ast-global-color-4)","background-image":"","background-repeat":"repeat","background-position":"center center","background-size":"auto","background-attachment":"scroll","background-type":"","background-media":"","overlay-type":"","overlay-color":"","overlay-opacity":"","overlay-gradient":""},"tablet":{"background-color":"","background-image":"","background-repeat":"repeat","background-position":"center center","background-size":"auto","background-attachment":"scroll","background-type":"","background-media":"","overlay-type":"","overlay-color":"","overlay-opacity":"","overlay-gradient":""},"mobile":{"background-color":"","background-image":"","background-repeat":"repeat","background-position":"center center","background-size":"auto","background-attachment":"scroll","background-type":"","background-media":"","overlay-type":"","overlay-color":"","overlay-opacity":"","overlay-gradient":""}},"ast-content-background-meta":{"desktop":{"background-color":"var(--ast-global-color-5)","background-image":"","background-repeat":"repeat","background-position":"center center","background-size":"auto","background-attachment":"scroll","background-type":"","background-media":"","overlay-type":"","overlay-color":"","overlay-opacity":"","overlay-gradient":""},"tablet":{"background-color":"var(--ast-global-color-5)","background-image":"","background-repeat":"repeat","background-position":"center center","background-size":"auto","background-attachment":"scroll","background-type":"","background-media":"","overlay-type":"","overlay-color":"","overlay-opacity":"","overlay-gradient":""},"mobile":{"background-color":"var(--ast-global-color-5)","background-image":"","background-repeat":"repeat","background-position":"center center","background-size":"auto","background-attachment":"scroll","background-type":"","background-media":"","overlay-type":"","overlay-color":"","overlay-opacity":"","overlay-gradient":""}},"footnotes":""},"class_list":["post-98","page","type-page","status-publish","hentry"],"_links":{"self":[{"href":"https:\/\/opad.zwik.szczecin.pl\/index.php?rest_route=\/wp\/v2\/pages\/98","targetHints":{"allow":["GET"]}}],"collection":[{"href":"https:\/\/opad.zwik.szczecin.pl\/index.php?rest_route=\/wp\/v2\/pages"}],"about":[{"href":"https:\/\/opad.zwik.szczecin.pl\/index.php?rest_route=\/wp\/v2\/types\/page"}],"author":[{"embeddable":true,"href":"https:\/\/opad.zwik.szczecin.pl\/index.php?rest_route=\/wp\/v2\/users\/1"}],"replies":[{"embeddable":true,"href":"https:\/\/opad.zwik.szczecin.pl\/index.php?rest_route=%2Fwp%2Fv2%2Fcomments&post=98"}],"version-history":[{"count":34,"href":"https:\/\/opad.zwik.szczecin.pl\/index.php?rest_route=\/wp\/v2\/pages\/98\/revisions"}],"predecessor-version":[{"id":213,"href":"https:\/\/opad.zwik.szczecin.pl\/index.php?rest_route=\/wp\/v2\/pages\/98\/revisions\/213"}],"wp:attachment":[{"href":"https:\/\/opad.zwik.szczecin.pl\/index.php?rest_route=%2Fwp%2Fv2%2Fmedia&parent=98"}],"curies":[{"name":"wp","href":"https:\/\/api.w.org\/{rel}","templated":true}]}}